{"id":2296,"date":"2020-10-12T17:38:57","date_gmt":"2020-10-12T15:38:57","guid":{"rendered":"https:\/\/villa.pccostadelsol.es\/?page_id=2296"},"modified":"2026-03-24T13:07:21","modified_gmt":"2026-03-24T12:07:21","slug":"informationen-fuer-kursleiter","status":"publish","type":"page","link":"https:\/\/villaelmorisco.com\/?page_id=2296&lang=en","title":{"rendered":"Informationen f\u00fcr Kursleiter"},"content":{"rendered":"\t\t<div data-elementor-type=\"wp-page\" data-elementor-id=\"2296\" class=\"elementor elementor-2296\">\n\t\t\t\t\t\t<section class=\"elementor-section elementor-top-section elementor-element elementor-element-06266cc elementor-section-boxed elementor-section-height-default elementor-section-height-default\" data-id=\"06266cc\" data-element_type=\"section\" data-e-type=\"section\">\n\t\t\t\t\t\t<div class=\"elementor-container elementor-column-gap-default\">\n\t\t\t\t\t<div class=\"elementor-column elementor-col-100 elementor-top-column elementor-element elementor-element-55bfaa1\" data-id=\"55bfaa1\" data-element_type=\"column\" data-e-type=\"column\">\n\t\t\t<div class=\"elementor-widget-wrap elementor-element-populated\">\n\t\t\t\t\t\t<div class=\"elementor-element elementor-element-7712565 elementor-invisible elementor-widget elementor-widget-image\" data-id=\"7712565\" data-element_type=\"widget\" data-e-type=\"widget\" data-settings=\"{&quot;_animation&quot;:&quot;rotateInUpLeft&quot;}\" data-widget_type=\"image.default\">\n\t\t\t\t<div class=\"elementor-widget-container\">\n\t\t\t\t\t\t\t\t\t\t\t\t\t\t\t\t<a href=\"https:\/\/villaelmorisco.com\/wp-content\/uploads\/2020\/10\/header-1.jpg\" data-elementor-open-lightbox=\"yes\" data-elementor-lightbox-title=\"header\" data-e-action-hash=\"#elementor-action%3Aaction%3Dlightbox%26settings%3DeyJpZCI6MTIzLCJ1cmwiOiJodHRwczpcL1wvdmlsbGFlbG1vcmlzY28uY29tXC93cC1jb250ZW50XC91cGxvYWRzXC8yMDIwXC8xMFwvaGVhZGVyLTEuanBnIn0%3D\">\n\t\t\t\t\t\t\t<img fetchpriority=\"high\" decoding=\"async\" width=\"1920\" height=\"716\" src=\"https:\/\/villaelmorisco.com\/wp-content\/uploads\/2020\/10\/header-1.jpg\" class=\"attachment-2048x2048 size-2048x2048 wp-image-123\" alt=\"\" srcset=\"https:\/\/villaelmorisco.com\/wp-content\/uploads\/2020\/10\/header-1.jpg 1920w, https:\/\/villaelmorisco.com\/wp-content\/uploads\/2020\/10\/header-1-300x112.jpg 300w, https:\/\/villaelmorisco.com\/wp-content\/uploads\/2020\/10\/header-1-1024x382.jpg 1024w, https:\/\/villaelmorisco.com\/wp-content\/uploads\/2020\/10\/header-1-768x286.jpg 768w, https:\/\/villaelmorisco.com\/wp-content\/uploads\/2020\/10\/header-1-1536x573.jpg 1536w\" sizes=\"(max-width: 1920px) 100vw, 1920px\" \/>\t\t\t\t\t\t\t\t<\/a>\n\t\t\t\t\t\t\t\t\t\t\t\t\t\t\t<\/div>\n\t\t\t\t<\/div>\n\t\t\t\t\t<\/div>\n\t\t<\/div>\n\t\t\t\t\t<\/div>\n\t\t<\/section>\n\t\t\t\t<section class=\"elementor-section elementor-top-section elementor-element elementor-element-a3be171 elementor-section-boxed elementor-section-height-default elementor-section-height-default\" data-id=\"a3be171\" data-element_type=\"section\" data-e-type=\"section\">\n\t\t\t\t\t\t<div class=\"elementor-container elementor-column-gap-default\">\n\t\t\t\t\t<div class=\"elementor-column elementor-col-100 elementor-top-column elementor-element elementor-element-600a957\" data-id=\"600a957\" data-element_type=\"column\" data-e-type=\"column\">\n\t\t\t<div class=\"elementor-widget-wrap elementor-element-populated\">\n\t\t\t\t\t\t<div class=\"elementor-element elementor-element-4c8fdf1 elementor-invisible elementor-widget elementor-widget-heading\" data-id=\"4c8fdf1\" data-element_type=\"widget\" data-e-type=\"widget\" data-settings=\"{&quot;_animation&quot;:&quot;rotateInDownRight&quot;}\" data-widget_type=\"heading.default\">\n\t\t\t\t<div class=\"elementor-widget-container\">\n\t\t\t\t\t<h2 class=\"elementor-heading-title elementor-size-default\">Informationen &amp; Preise f\u00fcr Kursleiter<\/h2>\t\t\t\t<\/div>\n\t\t\t\t<\/div>\n\t\t\t\t\t<\/div>\n\t\t<\/div>\n\t\t\t\t\t<\/div>\n\t\t<\/section>\n\t\t<div class=\"elementor-element elementor-element-607b5f2 e-flex e-con-boxed e-con e-parent\" data-id=\"607b5f2\" data-element_type=\"container\" data-e-type=\"container\">\n\t\t\t\t\t<div class=\"e-con-inner\">\n\t\t\t\t<div class=\"elementor-element elementor-element-f24e893 elementor-widget elementor-widget-text-editor\" data-id=\"f24e893\" data-element_type=\"widget\" data-e-type=\"widget\" data-widget_type=\"text-editor.default\">\n\t\t\t\t<div class=\"elementor-widget-container\">\n\t\t\t\t\t\t\t\t\t<p><strong>Informationen &amp; Preise f\u00fcr Kursleiter<\/strong><\/p>\n<p>\u00dcber freie Wochen geben wir Dir gerne direkt hier Auskunft:&nbsp;<a href=\"mailto:casa@morisco.de\"><strong>casa@morisco.de<\/strong><\/a>&nbsp;oder per Telefon:&nbsp;0034 952 513 314<\/p>\n<p>F\u00fcr Gruppen, die in unserer&nbsp;&nbsp;<a href=\"http:\/\/www.villaelmorisco.com\/\"><strong>www.villaelmorisco.com<\/strong><\/a>&nbsp;Urlaubs-Seminare in einer subtropischen Umgebung buchen wollen, gelten folgende Bedingungen.<\/p>\n<p><strong>Allgemeines \u00fcber die Villa el Morisco:<\/strong><\/p>\n<p><strong>&nbsp;<\/strong><\/p>\n<p>Die Villa steht Euch am Ankommens-Tag ab 16 Uhr bis zum Abreise-Tag um 10 Uhr zur Verf\u00fcgung.<br><strong>Anreise ist nur bis sp\u00e4testens 19:00 Uhr m\u00f6glich<\/strong>, danach ist das B\u00fcro nicht mehr besetzt.<br>Zur Schl\u00fcssel\u00fcbergabe bitten wir am Anreisetag die Kursleitung, oder einen dazu beauftragten Kursteilnehmer, Wilfried anzurufen +34 676142842.<\/p>\n<p>Die Reservierung der Villa erfolgt immer von <strong>Sonntag<\/strong> <strong>zu Sonntag<\/strong>.<\/p>\n<p>Die Villa ist ein vegetarisches Haus mit eigener K\u00fcche in der weder Fleisch noch Fisch\/Meerestiere zubereitet oder verzehrt werden d\u00fcrfen!<\/p>\n<p>Die Wege von der Villa el Morisco zum Finca- oder CASA-Restaurant sind l\u00e4ndliche, h\u00fcgelige Wege.<\/p>\n<p>Jeder angemeldete Teilnehmer muss sich in der Lage sehen diese, gehen zu k\u00f6nnen.<\/p>\n<p>In der K\u00fcche steht ein hochwertiges Osmose-Wasserfilterger\u00e4t zur Verf\u00fcgung.<\/p>\n<p>In der Villa werden keine Haustiere akzeptiert.<\/p>\n<p>Sie ist ein rauchfreies Haus mit Raucherecke im Freien.<\/p>\n<p>Auf der Gemeinschaftsterrasse empfangt ihr WLAN. In den Zimmern gibt es einen Internetanschluss f\u00fcr deinen Computer, wozu Du Deinen Kabel-Adapter \u201eRJ45\u201c mitbringen musst.<\/p>\n<p>Eine Waschmaschine steht zur Gratisnutzung bereit.<\/p>\n<p>Die Sauna darf f\u00fcr 6 Std.\/Woche gratis genutzt werden.<\/p>\n<p>Alle bisherigen Reservierungen der Villa bleiben so bestehen, wie vereinbart, k\u00f6nnen aber optional in <strong>\u201eAnmietung der Villa zu Kurspreisen\u201c<\/strong> ver\u00e4ndert werden!<\/p><p><br><\/p>\n<p><u><strong>NEU<\/strong><strong> Anmietung der Villa zu Kurspreisen<\/strong><\/u><\/p>\n<p><strong>7 Zweibettzimmer<\/strong> und <strong>1 Seminarraum<\/strong>, wie hier beschrieben.<\/p>\n<p><strong>Anzahlung<\/strong>: 15 Monate vor Kursbeginn, mit der Information Deines Kurspreises, bitten wir Dich innerhalb von 10 Tagen deine&nbsp;Garantiezahlung von 500\u20ac auf das angegebene Konto zu \u00fcberweisen.<br>Somit ist deine Reservierung best\u00e4tigt. Diese Anzahlung bleibt bei uns, wenn Du Deinen Kurs absagst, oder weniger als 12 Monate vor Kursbeginn zeitlich verschiebst!<\/p><p><br><\/p>\n<p><strong>Leistungen:<\/strong><\/p>\n<p>Vegetarisch\/vegane Vollverpflegung inkl. aller Getr\u00e4nke auf der Finca el Morisco\/CASA EL MORISCO<\/p>\n<p>Sammel-Gratistransfer sonntags zwischen 7 Uhr morgens ab Villa und Ankunft 20 Uhr abends am Treffpunkt Flughafen M\u00e1laga sind im Preis enthalten.<\/p>\n<p>Ab 6 zahlenden Teilnehmern ist 1 Platz f\u00fcr Dich als Kursleitung gratis.<\/p><p><br><\/p>\n<p><strong>Preise 2027:<\/strong> im geteilten Zweibettzimmer 795\u20ac pro Person\/Woche.<\/p>\n<p>Im Zweibettzimmer zur Einzelnutzung 970\u20ac pro Woche.<\/p>\n<p><strong>Bei weniger als 6 zahlenden Teilnehmern bezahlt ihr:<\/strong><\/p>\n<p>1 Person = Grundpreis 795\u20ac x6<\/p>\n<p>2 Personen = Grundpreis 795\u20ac x3\/Person\/Woche<\/p>\n<p>3 Personen = Grundpreis 795\u20ac x2\/Person\/Woche<\/p>\n<p>4 Personen = Grundpreis 795\u20ac x1,5\/Person\/Woche<\/p>\n<p>5 Personen = Grundpreis 795\u20ac x1,2\/Person\/Woche<\/p><p><br><\/p>\n<p><strong>Bezahlung<\/strong><\/p>\n<p>10 Tage vor Anreise bitten wir jeden Teilnehmer darum,&nbsp;den Betrag auf das Konto zu \u00fcberweisen, dessen Daten wir Dir per Mail zusenden.<\/p>\n<p>Bargeld kann am Geldautomaten in der Bank \u201eCajamar\u201c in Benajarafe abgehoben werden.<\/p>\n<p><strong>&nbsp;<\/strong><\/p>\n<p><strong>Buchung der Teilnehmer<\/strong><\/p>\n<p>Du gibst Namen, Zimmer und die Anreisedaten, wie im Anhang beschrieben, Deiner Teilnehmer an uns weiter, sobald sich ein Teilnehmer bei Dir fest angemeldet hat.<\/p>\n<p><strong>&nbsp;<\/strong><\/p>\n<p><span style=\"text-decoration: underline; color: #800080;\"><strong>Reservierungen, die fest bis Januar 2026 vereinbart wurden:<\/strong><\/span><\/p>\n<p><strong><u>Anmietung der gesamten Villa<\/u><\/strong><\/p>\n<p>\u00dcber Deinen Wochenpreis informieren wir Dich 15 Monate vor Kursbeginn!<\/p>\n<p><strong>2027<\/strong> betr\u00e4gt der Preis f\u00fcr die Villa el Morisco:<\/p>\n<p><strong>7 Zweibettzimmer+Seminarraum<\/strong><\/p>\n<p>\u20ac 550.-\/Tag | \u20ac 3.850.-\/Woche<\/p><p><br><\/p>\n<p><strong>Best\u00e4tigung und Anzahlung deiner Buchung:<br><\/strong>15 Monate vor Kursbeginn, mit der Information Deines Kurspreises, bitten wir Dich innerhalb von 10 Tagen deine&nbsp;Garantiezahlung von 500\u20ac auf das angegebene Konto zu \u00fcberweisen.<\/p>\n<p>Damit ist deine Reservierung best\u00e4tigt. Diese Anzahlung bleibt bei uns, wenn Du Deinen Kurs absagst, oder weniger als 12 Monate vor Kursbeginn zeitlich verschiebst!<\/p>\n<p><strong><br>Bezahlung<\/strong><\/p>\n<p>Bis sp\u00e4testens 10 Tage vor Anreise bitte&nbsp;den Betrag f\u00fcr die Unterkunft auf das Konto \u00fcberwiesen, dessen Daten wir Dir per Mail zusenden.<\/p>\n<p>Bargeld kann am Geldautomaten in der Bank \u201eCajamar\u201c in Benajarafe abgehoben werden.<\/p>\n<p><strong>&nbsp;<\/strong><\/p>\n<p><strong>Mietwagen <\/strong><\/p>\n<p>Wir raten dazu, ein Auto zu mieten. Bedenke dabei einen Bus mit ausreichender Anzahl an Sitzpl\u00e4tzen zu reservieren, da Ihr so auch die Abholung vom Flughafen, Ausfl\u00fcge in die Umgebung und den Einkauf am Anreisesonntag bequem unternehmen k\u00f6nnt.<\/p>\n<p><strong>&nbsp;<\/strong><\/p>\n<p><strong>Anfahrt:<\/strong> Die Villa fahrt ihr selbst\u00e4ndig mit dem (Miet-)Auto oder dem Taxi an.<\/p>\n<p>Wenn die Ankunfts-Abflugzeiten Deiner Teilnehmer in den Sonntag-Sammeltransferplan der CASA passen, holen\/bringen wir sie gerne vom\/zum Flughafen M\u00e1laga (20\u20ac\/Fahrt\/Person von 7-20 Uhr).<\/p>\n<p>Dazu sendest Du uns am Sonntag vor Ankunft die Ankunftsdaten Deiner TeilnehmerInnen so, wie im Anhang Deiner Buchungsbest\u00e4tigung aufgef\u00fchrt!<\/p>\n<p>Wir best\u00e4tigen Dir den&nbsp;Sammeltransfer, wenn es uns m\u00f6glich ist sie mitzunehmen und teilen dir dann den Flughafentreffpunkt mit!<\/p>\n<p><strong>&nbsp;<\/strong><\/p>\n<p><strong>V<\/strong><strong style=\"font-size: 18px;\">erpflegung<\/strong><span style=\"font-size: 18px;\">: Du reservierst die Villa als <\/span><strong style=\"font-size: 18px;\">Selbstversorger<\/strong><span style=\"font-size: 18px;\">, oder w\u00e4hlst die Option die vegetarisch\/vegane <\/span><strong style=\"font-size: 18px;\">Vollverpflegung<\/strong><span style=\"font-size: 18px;\"> inkl. aller Getr\u00e4nke f\u00fcr \u20ac 50.-\/Tag\/Person vor Anreise mitzubuchen.<\/span><\/p>\n<p>Die Mahlzeiten werden auf der Finca el Morisco oder der CASA EL MORISCO eingenommen.<\/p>\n<p><strong>&nbsp;<\/strong><\/p>\n<p><strong>Einkauf am Anreisesonntag<\/strong><\/p>\n<p>Supermarkt in Rinc\u00f3n de la Victoria:<\/p>\n<p>Carrefour Express, in der \u201eAvenida del Mediterraneo, 133\u201d gegen\u00fcber der Taxihaltestelle,<\/p>\n<p>Sonntags von 10-22 Uhr ge\u00f6ffnet.<\/p>\n<p>In Benajarafe, gibt es einen kleinen Supermarkt.<br>In Chilches (etwa 10 Autominuten entfernt) einen spanischen gr\u00f6sseren Supermarkt \u201eMercadona\u201c.<br>Bei der Vermittlung einer vor Ort wohnenden Person, die Euch vegetarisch bekocht, sind wir gerne behilflich.<\/p>\n<p><strong>&nbsp;<\/strong><\/p>\n<p><strong>Reservierungen, ab Januar 2026:<br><\/strong>Bestehende Buchungen der Villa <strong><u>k\u00f6nnen<\/u><\/strong>, Buchungen, die ab Januar 2026 vereinbart werden, &nbsp;<strong><u>werden<\/u><\/strong> wie folgt berechnet.<\/p>\t\t\t\t\t\t\t\t<\/div>\n\t\t\t\t<\/div>\n\t\t\t\t\t<\/div>\n\t\t\t\t<\/div>\n\t\t\t\t<\/div>\n\t\t","protected":false},"excerpt":{"rendered":"<p>Informationen &amp; Preise f\u00fcr Kursleiter Informationen &amp; Preise f\u00fcr Kursleiter \u00dcber freie Wochen geben wir Dir gerne direkt hier Auskunft:&nbsp;casa@morisco.de&nbsp;oder per Telefon:&nbsp;0034 952 513 314 F\u00fcr Gruppen, die in unserer&nbsp;&nbsp;www.villaelmorisco.com&nbsp;Urlaubs-Seminare in einer subtropischen Umgebung buchen wollen, gelten folgende Bedingungen. Allgemeines <a class=\"more-link\" href=\"https:\/\/villaelmorisco.com\/?page_id=2296&#038;lang=en\">weiterlesen&#8230;<\/a><\/p>\n","protected":false},"author":3,"featured_media":0,"parent":0,"menu_order":0,"comment_status":"closed","ping_status":"closed","template":"","meta":{"_exactmetrics_skip_tracking":false,"_exactmetrics_sitenote_active":false,"_exactmetrics_sitenote_note":"","_exactmetrics_sitenote_category":0,"footnotes":""},"class_list":["post-2296","page","type-page","status-publish","hentry"],"yoast_head":"<!-- This site is optimized with the Yoast SEO plugin v27.4 - https:\/\/yoast.com\/product\/yoast-seo-wordpress\/ -->\n<title>Informationen f\u00fcr Kursleiter - Villa el Morisco<\/title>\n<meta name=\"robots\" content=\"index, follow, max-snippet:-1, max-image-preview:large, max-video-preview:-1\" \/>\n<link rel=\"canonical\" href=\"https:\/\/villaelmorisco.com\/?page_id=2296\" \/>\n<meta property=\"og:locale\" content=\"de_DE\" \/>\n<meta property=\"og:type\" content=\"article\" \/>\n<meta property=\"og:title\" content=\"Informationen f\u00fcr Kursleiter - Villa el Morisco\" \/>\n<meta property=\"og:description\" content=\"Informationen &amp; Preise f\u00fcr Kursleiter Informationen &amp; Preise f\u00fcr Kursleiter \u00dcber freie Wochen geben wir Dir gerne direkt hier Auskunft:&nbsp;casa@morisco.de&nbsp;oder per Telefon:&nbsp;0034 952 513 314 F\u00fcr Gruppen, die in unserer&nbsp;&nbsp;www.villaelmorisco.com&nbsp;Urlaubs-Seminare in einer subtropischen Umgebung buchen wollen, gelten folgende Bedingungen. Allgemeines weiterlesen...\" \/>\n<meta property=\"og:url\" content=\"https:\/\/villaelmorisco.com\/?page_id=2296&amp;lang=en\" \/>\n<meta property=\"og:site_name\" content=\"Villa el Morisco\" \/>\n<meta property=\"article:modified_time\" content=\"2026-03-24T12:07:21+00:00\" \/>\n<meta property=\"og:image\" content=\"https:\/\/villaelmorisco.com\/wp-content\/uploads\/2020\/10\/header-1.jpg\" \/>\n\t<meta property=\"og:image:width\" content=\"1920\" \/>\n\t<meta property=\"og:image:height\" content=\"716\" \/>\n\t<meta property=\"og:image:type\" content=\"image\/jpeg\" \/>\n<meta name=\"twitter:card\" content=\"summary_large_image\" \/>\n<meta name=\"twitter:label1\" content=\"Gesch\u00e4tzte Lesezeit\" \/>\n\t<meta name=\"twitter:data1\" content=\"3\u00a0Minuten\" \/>\n<script type=\"application\/ld+json\" class=\"yoast-schema-graph\">{\"@context\":\"https:\\\/\\\/schema.org\",\"@graph\":[{\"@type\":\"WebPage\",\"@id\":\"https:\\\/\\\/villaelmorisco.com\\\/?page_id=2296&lang=en\",\"url\":\"https:\\\/\\\/villaelmorisco.com\\\/?page_id=2296&lang=en\",\"name\":\"Informationen f\u00fcr Kursleiter - Villa el Morisco\",\"isPartOf\":{\"@id\":\"https:\\\/\\\/villaelmorisco.com\\\/#website\"},\"primaryImageOfPage\":{\"@id\":\"https:\\\/\\\/villaelmorisco.com\\\/?page_id=2296&lang=en#primaryimage\"},\"image\":{\"@id\":\"https:\\\/\\\/villaelmorisco.com\\\/?page_id=2296&lang=en#primaryimage\"},\"thumbnailUrl\":\"https:\\\/\\\/villaelmorisco.com\\\/wp-content\\\/uploads\\\/2020\\\/10\\\/header-1.jpg\",\"datePublished\":\"2020-10-12T15:38:57+00:00\",\"dateModified\":\"2026-03-24T12:07:21+00:00\",\"breadcrumb\":{\"@id\":\"https:\\\/\\\/villaelmorisco.com\\\/?page_id=2296&lang=en#breadcrumb\"},\"inLanguage\":\"de\",\"potentialAction\":[{\"@type\":\"ReadAction\",\"target\":[\"https:\\\/\\\/villaelmorisco.com\\\/?page_id=2296&lang=en\"]}]},{\"@type\":\"ImageObject\",\"inLanguage\":\"de\",\"@id\":\"https:\\\/\\\/villaelmorisco.com\\\/?page_id=2296&lang=en#primaryimage\",\"url\":\"https:\\\/\\\/villaelmorisco.com\\\/wp-content\\\/uploads\\\/2020\\\/10\\\/header-1.jpg\",\"contentUrl\":\"https:\\\/\\\/villaelmorisco.com\\\/wp-content\\\/uploads\\\/2020\\\/10\\\/header-1.jpg\",\"width\":1920,\"height\":716},{\"@type\":\"BreadcrumbList\",\"@id\":\"https:\\\/\\\/villaelmorisco.com\\\/?page_id=2296&lang=en#breadcrumb\",\"itemListElement\":[{\"@type\":\"ListItem\",\"position\":1,\"name\":\"Startseite\",\"item\":\"https:\\\/\\\/villaelmorisco.com\\\/\"},{\"@type\":\"ListItem\",\"position\":2,\"name\":\"Informationen f\u00fcr Kursleiter\"}]},{\"@type\":\"WebSite\",\"@id\":\"https:\\\/\\\/villaelmorisco.com\\\/#website\",\"url\":\"https:\\\/\\\/villaelmorisco.com\\\/\",\"name\":\"Villa el Morisco\",\"description\":\"Benajarafe - M\u00e1laga - Costa del Sol\",\"publisher\":{\"@id\":\"https:\\\/\\\/villaelmorisco.com\\\/#organization\"},\"potentialAction\":[{\"@type\":\"SearchAction\",\"target\":{\"@type\":\"EntryPoint\",\"urlTemplate\":\"https:\\\/\\\/villaelmorisco.com\\\/?s={search_term_string}\"},\"query-input\":{\"@type\":\"PropertyValueSpecification\",\"valueRequired\":true,\"valueName\":\"search_term_string\"}}],\"inLanguage\":\"de\"},{\"@type\":\"Organization\",\"@id\":\"https:\\\/\\\/villaelmorisco.com\\\/#organization\",\"name\":\"Villa el Morisco\",\"url\":\"https:\\\/\\\/villaelmorisco.com\\\/\",\"logo\":{\"@type\":\"ImageObject\",\"inLanguage\":\"de\",\"@id\":\"https:\\\/\\\/villaelmorisco.com\\\/#\\\/schema\\\/logo\\\/image\\\/\",\"url\":\"https:\\\/\\\/villaelmorisco.com\\\/wp-content\\\/uploads\\\/2021\\\/04\\\/cropped-Villa-el-Morisco-Logo-2.png\",\"contentUrl\":\"https:\\\/\\\/villaelmorisco.com\\\/wp-content\\\/uploads\\\/2021\\\/04\\\/cropped-Villa-el-Morisco-Logo-2.png\",\"width\":1183,\"height\":310,\"caption\":\"Villa el Morisco\"},\"image\":{\"@id\":\"https:\\\/\\\/villaelmorisco.com\\\/#\\\/schema\\\/logo\\\/image\\\/\"}}]}<\/script>\n<!-- \/ Yoast SEO plugin. -->","yoast_head_json":{"title":"Informationen f\u00fcr Kursleiter - Villa el Morisco","robots":{"index":"index","follow":"follow","max-snippet":"max-snippet:-1","max-image-preview":"max-image-preview:large","max-video-preview":"max-video-preview:-1"},"canonical":"https:\/\/villaelmorisco.com\/?page_id=2296","og_locale":"de_DE","og_type":"article","og_title":"Informationen f\u00fcr Kursleiter - Villa el Morisco","og_description":"Informationen &amp; Preise f\u00fcr Kursleiter Informationen &amp; Preise f\u00fcr Kursleiter \u00dcber freie Wochen geben wir Dir gerne direkt hier Auskunft:&nbsp;casa@morisco.de&nbsp;oder per Telefon:&nbsp;0034 952 513 314 F\u00fcr Gruppen, die in unserer&nbsp;&nbsp;www.villaelmorisco.com&nbsp;Urlaubs-Seminare in einer subtropischen Umgebung buchen wollen, gelten folgende Bedingungen. Allgemeines weiterlesen...","og_url":"https:\/\/villaelmorisco.com\/?page_id=2296&lang=en","og_site_name":"Villa el Morisco","article_modified_time":"2026-03-24T12:07:21+00:00","og_image":[{"width":1920,"height":716,"url":"https:\/\/villaelmorisco.com\/wp-content\/uploads\/2020\/10\/header-1.jpg","type":"image\/jpeg"}],"twitter_card":"summary_large_image","twitter_misc":{"Gesch\u00e4tzte Lesezeit":"3\u00a0Minuten"},"schema":{"@context":"https:\/\/schema.org","@graph":[{"@type":"WebPage","@id":"https:\/\/villaelmorisco.com\/?page_id=2296&lang=en","url":"https:\/\/villaelmorisco.com\/?page_id=2296&lang=en","name":"Informationen f\u00fcr Kursleiter - Villa el Morisco","isPartOf":{"@id":"https:\/\/villaelmorisco.com\/#website"},"primaryImageOfPage":{"@id":"https:\/\/villaelmorisco.com\/?page_id=2296&lang=en#primaryimage"},"image":{"@id":"https:\/\/villaelmorisco.com\/?page_id=2296&lang=en#primaryimage"},"thumbnailUrl":"https:\/\/villaelmorisco.com\/wp-content\/uploads\/2020\/10\/header-1.jpg","datePublished":"2020-10-12T15:38:57+00:00","dateModified":"2026-03-24T12:07:21+00:00","breadcrumb":{"@id":"https:\/\/villaelmorisco.com\/?page_id=2296&lang=en#breadcrumb"},"inLanguage":"de","potentialAction":[{"@type":"ReadAction","target":["https:\/\/villaelmorisco.com\/?page_id=2296&lang=en"]}]},{"@type":"ImageObject","inLanguage":"de","@id":"https:\/\/villaelmorisco.com\/?page_id=2296&lang=en#primaryimage","url":"https:\/\/villaelmorisco.com\/wp-content\/uploads\/2020\/10\/header-1.jpg","contentUrl":"https:\/\/villaelmorisco.com\/wp-content\/uploads\/2020\/10\/header-1.jpg","width":1920,"height":716},{"@type":"BreadcrumbList","@id":"https:\/\/villaelmorisco.com\/?page_id=2296&lang=en#breadcrumb","itemListElement":[{"@type":"ListItem","position":1,"name":"Startseite","item":"https:\/\/villaelmorisco.com\/"},{"@type":"ListItem","position":2,"name":"Informationen f\u00fcr Kursleiter"}]},{"@type":"WebSite","@id":"https:\/\/villaelmorisco.com\/#website","url":"https:\/\/villaelmorisco.com\/","name":"Villa el Morisco","description":"Benajarafe - M\u00e1laga - Costa del Sol","publisher":{"@id":"https:\/\/villaelmorisco.com\/#organization"},"potentialAction":[{"@type":"SearchAction","target":{"@type":"EntryPoint","urlTemplate":"https:\/\/villaelmorisco.com\/?s={search_term_string}"},"query-input":{"@type":"PropertyValueSpecification","valueRequired":true,"valueName":"search_term_string"}}],"inLanguage":"de"},{"@type":"Organization","@id":"https:\/\/villaelmorisco.com\/#organization","name":"Villa el Morisco","url":"https:\/\/villaelmorisco.com\/","logo":{"@type":"ImageObject","inLanguage":"de","@id":"https:\/\/villaelmorisco.com\/#\/schema\/logo\/image\/","url":"https:\/\/villaelmorisco.com\/wp-content\/uploads\/2021\/04\/cropped-Villa-el-Morisco-Logo-2.png","contentUrl":"https:\/\/villaelmorisco.com\/wp-content\/uploads\/2021\/04\/cropped-Villa-el-Morisco-Logo-2.png","width":1183,"height":310,"caption":"Villa el Morisco"},"image":{"@id":"https:\/\/villaelmorisco.com\/#\/schema\/logo\/image\/"}}]}},"_links":{"self":[{"href":"https:\/\/villaelmorisco.com\/index.php?rest_route=\/wp\/v2\/pages\/2296","targetHints":{"allow":["GET"]}}],"collection":[{"href":"https:\/\/villaelmorisco.com\/index.php?rest_route=\/wp\/v2\/pages"}],"about":[{"href":"https:\/\/villaelmorisco.com\/index.php?rest_route=\/wp\/v2\/types\/page"}],"author":[{"embeddable":true,"href":"https:\/\/villaelmorisco.com\/index.php?rest_route=\/wp\/v2\/users\/3"}],"replies":[{"embeddable":true,"href":"https:\/\/villaelmorisco.com\/index.php?rest_route=%2Fwp%2Fv2%2Fcomments&post=2296"}],"version-history":[{"count":10,"href":"https:\/\/villaelmorisco.com\/index.php?rest_route=\/wp\/v2\/pages\/2296\/revisions"}],"predecessor-version":[{"id":5322,"href":"https:\/\/villaelmorisco.com\/index.php?rest_route=\/wp\/v2\/pages\/2296\/revisions\/5322"}],"wp:attachment":[{"href":"https:\/\/villaelmorisco.com\/index.php?rest_route=%2Fwp%2Fv2%2Fmedia&parent=2296"}],"curies":[{"name":"wp","href":"https:\/\/api.w.org\/{rel}","templated":true}]}}